{"id":1310,"date":"2018-06-08T10:19:35","date_gmt":"2018-06-08T10:19:35","guid":{"rendered":"http:\/\/playerx.edge-themes.com\/?page_id=1310"},"modified":"2019-07-21T23:37:35","modified_gmt":"2019-07-21T23:37:35","slug":"faq","status":"publish","type":"page","link":"https:\/\/stevescastle.com\/de\/faq\/","title":{"rendered":"FAQ"},"content":{"rendered":"<div class=\"edgtf-row-grid-section-wrapper\"  ><div class=\"edgtf-row-grid-section\"><div class=\"vc_row wpb_row vc_row-fluid vc_custom_1529332577463\" ><div class=\"wpb_column vc_column_container vc_col-sm-12\"><div class=\"vc_column-inner\"><div class=\"wpb_wrapper\"><div class=\"edgtf-tabs  edgtf-tabs-standard\">\n\t<ul class=\"edgtf-tabs-nav clearfix\">\n\t\t\t\t\t<li>\n\t\t\t\t\t\t\t\t\t<a href=\"#tab-german-de\">German (DE)<\/a>\n\t\t\t\t\t\t\t<\/li>\n\t\t\t\t\t<li>\n\t\t\t\t\t\t\t\t\t<a href=\"#tab-english-en\">English (EN)<\/a>\n\t\t\t\t\t\t\t<\/li>\n\t\t\t<\/ul>\n\t<div class=\"edgtf-tab-container\" id=\"tab-german-de-880\"><div class=\"edgtf-accordion-holder edgtf-ac-default  edgtf-accordion edgtf-ac-simple  clearfix\">\n\t<p class=\"edgtf-accordion-title\">\n\t<span class=\"edgtf-tab-title\">Worum geht es im Spiel?<\/span>\n    <span class=\"edgtf-accordion-mark\">\n\t\t<span class=\"edgtf_icon_plus icon_plus\"><\/span>\n\t<\/span>\n<\/p>\n<div class=\"edgtf-accordion-content\">\n\t<div class=\"edgtf-accordion-content-inner\">\n\t\t\n\t<div class=\"wpb_text_column wpb_content_element\" >\n\t\t<div class=\"wpb_wrapper\">\n\t\t\t<p>Steves Castle handelt vom tapferen Ritter &#8220;Steve&#8221; und der Festung, welche er zu sch\u00fctzen geschworen hat. Nach ersten Angriffen aus den W\u00e4ldern durch Untote und andere Monster auf die Burg, rief der K\u00f6nig des Landes nach Steve. Dieser soll nun die k\u00f6niglichen Armeen befehligen und ausgestattet mit seinen Waffen, einer Goldmine und der Weisheit und Magie der Zauberer des Landes, die Feinde abwehren und f\u00fcr Frieden, Sicherheit und Fortbestand des K\u00f6nigreichs k\u00e4mpfen.<\/p>\n\n\t\t<\/div>\n\t<\/div>\n\t<\/div>\n<\/div><p class=\"edgtf-accordion-title\">\n\t<span class=\"edgtf-tab-title\">Wie funktioniert die Steuerung?<\/span>\n    <span class=\"edgtf-accordion-mark\">\n\t\t<span class=\"edgtf_icon_plus icon_plus\"><\/span>\n\t<\/span>\n<\/p>\n<div class=\"edgtf-accordion-content\">\n\t<div class=\"edgtf-accordion-content-inner\">\n\t\t\n\t<div class=\"wpb_text_column wpb_content_element\" >\n\t\t<div class=\"wpb_wrapper\">\n\t\t\t<p>Um Steve \u00fcber die Karte zu Bewegen, dr\u00fccke einfach an den Seiten links oder rechts von ihm auf den Bildschirm. Zum Angreifen musst du dich lediglich einem Gegner n\u00e4hern, diesen wird Steve dann automatisch attackieren. Ist der Gegner noch entfernter, so schie\u00dft Steve mit seiner Armbrust, kommst du deinem Feind aber sehr nah, so greift Steve zu seinem m\u00e4chtigen Schwert und wird den Gegner angreifen.Weiterhin kannst du mithilfe deiner &#8220;Skills&#8221; in der oberen rechten Ecke Spezialattacken ausf\u00fchren.<\/p>\n\n\t\t<\/div>\n\t<\/div>\n\t<\/div>\n<\/div><p class=\"edgtf-accordion-title\">\n\t<span class=\"edgtf-tab-title\">Wie viele Welten und Level gibt es?<\/span>\n    <span class=\"edgtf-accordion-mark\">\n\t\t<span class=\"edgtf_icon_plus icon_plus\"><\/span>\n\t<\/span>\n<\/p>\n<div class=\"edgtf-accordion-content\">\n\t<div class=\"edgtf-accordion-content-inner\">\n\t\t\n\t<div class=\"wpb_text_column wpb_content_element\" >\n\t\t<div class=\"wpb_wrapper\">\n\t\t\t<p>Das Spiel bietet dir insgesamt 8 Welten, mit jeweils 10 Leveln. Die ersten 3 Welten kannst du komplett kostenlos spielen, Um die weiteren 5 zu entdecken und freizuschalten kannst du entweder ganz simpel jeweils einen Werbespot anschauen oder dir f\u00fcr einen einmaligen g\u00fcnstigen Preis die Vollversion kaufen, mit der du alle Level freischaltest, keine Werbung mehr erh\u00e4ltst und zus\u00e4tzliche Boni bekommst.<\/p>\n\n\t\t<\/div>\n\t<\/div>\n\t<\/div>\n<\/div><p class=\"edgtf-accordion-title\">\n\t<span class=\"edgtf-tab-title\">Wieviel kostet Steves Castle?<\/span>\n    <span class=\"edgtf-accordion-mark\">\n\t\t<span class=\"edgtf_icon_plus icon_plus\"><\/span>\n\t<\/span>\n<\/p>\n<div class=\"edgtf-accordion-content\">\n\t<div class=\"edgtf-accordion-content-inner\">\n\t\t\n\t<div class=\"wpb_text_column wpb_content_element\" >\n\t\t<div class=\"wpb_wrapper\">\n\t\t\t<p><span style=\"font-weight: 400;\">Die App ist kostenlos und \u00fcber Werbung finanziert. Sofern du Spa\u00df gefunden hast und ohne Werbung alle 8 Welten spielen m\u00f6chtest gibt es eine Vollversion im Shop zu erwerben. Der aktuelle Preis richtet sich nach Land und wird angezeigt im App\/Play Store. Dein Kauf unterst\u00fctzt uns bei der Weiterentwicklung sehr.\u00a0<\/span><\/p>\n\n\t\t<\/div>\n\t<\/div>\n\t<\/div>\n<\/div><p class=\"edgtf-accordion-title\">\n\t<span class=\"edgtf-tab-title\">Was sind Booster?<\/span>\n    <span class=\"edgtf-accordion-mark\">\n\t\t<span class=\"edgtf_icon_plus icon_plus\"><\/span>\n\t<\/span>\n<\/p>\n<div class=\"edgtf-accordion-content\">\n\t<div class=\"edgtf-accordion-content-inner\">\n\t\t\n\t<div class=\"wpb_text_column wpb_content_element\" >\n\t\t<div class=\"wpb_wrapper\">\n\t\t\t<p><span style=\"font-weight: 400;\">Vor dem Start eines Levels, hast du die M\u00f6glichkeit, einen zuf\u00e4lligen Booster f\u00fcr die folgende Runde erhalten: Sei es doppelt so viele Diamanten, eine h\u00f6here Goldproduktion deiner Mine, alle deine Einheiten machen mehr Schaden, und und und. <\/span><span style=\"font-weight: 400;\">Allgemein unterst\u00fctzen dich die Booster, falls du bei einem Level mal nicht weiterkommst. Booster k\u00f6nnen nicht gestackt werden. Wenn du jedoch mit deinem aktuellen Booster nicht zufrieden bist und noch welche in Reserve hast kannst du den Zufall erneut entscheiden lassen.\u00a0<\/span><\/p>\n\n\t\t<\/div>\n\t<\/div>\n\t<\/div>\n<\/div><p class=\"edgtf-accordion-title\">\n\t<span class=\"edgtf-tab-title\">Was ist die beste Strategie?<\/span>\n    <span class=\"edgtf-accordion-mark\">\n\t\t<span class=\"edgtf_icon_plus icon_plus\"><\/span>\n\t<\/span>\n<\/p>\n<div class=\"edgtf-accordion-content\">\n\t<div class=\"edgtf-accordion-content-inner\">\n\t\t\n\t<div class=\"wpb_text_column wpb_content_element\" >\n\t\t<div class=\"wpb_wrapper\">\n\t\t\t<p><span style=\"font-weight: 400;\">Grunds\u00e4tzlich gibt es sehr viele verschiedene und somit richtige M\u00f6glichkeiten, eine Welle zu meistern. Wenn du in einem Level mal nicht weiterkommst, so versuche auch mal eine andere Kombination an Einheiten, die du mit in den Kampf nimmst. Auch das Kaufen von Upgrades mit den gesammelten Diamanten hilft dir, Steve und deine Einheiten st\u00e4rker zu machen. Spiele ggf. auch mal ein bereits geschafftes Level erneut, um deine Diamanten zu vermehren.<\/span><\/p>\n\n\t\t<\/div>\n\t<\/div>\n\t<\/div>\n<\/div><p class=\"edgtf-accordion-title\">\n\t<span class=\"edgtf-tab-title\">Was sind Endless-Level?<\/span>\n    <span class=\"edgtf-accordion-mark\">\n\t\t<span class=\"edgtf_icon_plus icon_plus\"><\/span>\n\t<\/span>\n<\/p>\n<div class=\"edgtf-accordion-content\">\n\t<div class=\"edgtf-accordion-content-inner\">\n\t\t\n\t<div class=\"wpb_text_column wpb_content_element\" >\n\t\t<div class=\"wpb_wrapper\">\n\t\t\t<p>Bei &#8220;Endless&#8221; handelt es sich um einen alternativen Spielmodus, bei welchem du gegen endlose Wellen an Gegnern k\u00e4mpfst und dabei versuchst so lang wie m\u00f6glich zu \u00fcberleben, viele Dias zu sammeln und einen hohen Punktestand aufzustellen. Jede Welt hat ein eigenes Endless-Level mit den f\u00fcr sie typischen Feinden. Freigeschaltet werden dir diese Level erst nach Abschluss einer jeden Welt. Schaffst du den h\u00f6chsten Score?<\/p>\n\n\t\t<\/div>\n\t<\/div>\n\t<\/div>\n<\/div><p class=\"edgtf-accordion-title\">\n\t<span class=\"edgtf-tab-title\">Kann man seinen Spielstand resetten?<\/span>\n    <span class=\"edgtf-accordion-mark\">\n\t\t<span class=\"edgtf_icon_plus icon_plus\"><\/span>\n\t<\/span>\n<\/p>\n<div class=\"edgtf-accordion-content\">\n\t<div class=\"edgtf-accordion-content-inner\">\n\t\t\n\t<div class=\"wpb_text_column wpb_content_element\" >\n\t\t<div class=\"wpb_wrapper\">\n\t\t\t<p>Ja, um deinen Spielstand zu resetten und von vorn zu starten, gibt es einen Reset-Button in den Einstellungen. Schon kannst du mit einem frischen Spielstand die Burg des K\u00f6nigs verteidigen und eine neue Armee aufbauen. Wirst du dieses Mal eine neue Strategie verfolgen und deine Diamanten anders einsetzen? Wir w\u00fcnschen viel Erfolg! Solltest du deine Vollversion wiederherstellen wollen klicke bei iOS auf den Restore Button und bei Android starte die App neu. Ein erneuter Kauf ist nicht erforderlich.<\/p>\n\n\t\t<\/div>\n\t<\/div>\n\t<\/div>\n<\/div><p class=\"edgtf-accordion-title\">\n\t<span class=\"edgtf-tab-title\">Sind Lets Plays erlaubt und gibt es Unterst\u00fctzung f\u00fcr Youtuber?<\/span>\n    <span class=\"edgtf-accordion-mark\">\n\t\t<span class=\"edgtf_icon_plus icon_plus\"><\/span>\n\t<\/span>\n<\/p>\n<div class=\"edgtf-accordion-content\">\n\t<div class=\"edgtf-accordion-content-inner\">\n\t\t\n\t<div class=\"wpb_text_column wpb_content_element\" >\n\t\t<div class=\"wpb_wrapper\">\n\t\t\t<p><span style=\"font-weight: 400;\">Ja wir freuen uns \u00fcber jedes Lets Play. Bugusing oder Hackvideos hingegen sind nicht erlaubt und werden gestriked, sofern sie \u00f6ffentlich gemacht werden.<\/span><\/p>\n<p><span style=\"font-weight: 400;\">Wenn du einen Kanal hast und das Spiel aufnimmst k\u00f6nnen wir dir bestimmte Grafiken z.B. f\u00fcr Thumbnails bereitstellen. F\u00fcr gro\u00dfe Kan\u00e4le bieten wir auch Zugang zu einer Webversion, welche das Aufnehmen erleichtert. Melde dich einfach via eMail unter info@stevescastle.com oder sende uns eine Nachricht auf Facebook oder Insta.<\/span><\/p>\n\n\t\t<\/div>\n\t<\/div>\n\t<\/div>\n<\/div><p class=\"edgtf-accordion-title\">\n\t<span class=\"edgtf-tab-title\">Gibt es einen Multiplayer?<\/span>\n    <span class=\"edgtf-accordion-mark\">\n\t\t<span class=\"edgtf_icon_plus icon_plus\"><\/span>\n\t<\/span>\n<\/p>\n<div class=\"edgtf-accordion-content\">\n\t<div class=\"edgtf-accordion-content-inner\">\n\t\t\n\t<div class=\"wpb_text_column wpb_content_element\" >\n\t\t<div class=\"wpb_wrapper\">\n\t\t\t<p><span style=\"font-weight: 400;\">Aktuell noch nicht. Sofern die Community Interesse zeigt werden wir nach Abschluss der Entwicklungen am Singleplayer einen Multiplayer entwickeln.<\/span><\/p>\n\n\t\t<\/div>\n\t<\/div>\n\t<\/div>\n<\/div><p class=\"edgtf-accordion-title\">\n\t<span class=\"edgtf-tab-title\">Wie k\u00f6nnen Bug reportet werden oder Vorschl\u00e4ge abgegeben werden?<\/span>\n    <span class=\"edgtf-accordion-mark\">\n\t\t<span class=\"edgtf_icon_plus icon_plus\"><\/span>\n\t<\/span>\n<\/p>\n<div class=\"edgtf-accordion-content\">\n\t<div class=\"edgtf-accordion-content-inner\">\n\t\t\n\t<div class=\"wpb_text_column wpb_content_element\" >\n\t\t<div class=\"wpb_wrapper\">\n\t\t\t<p><span style=\"font-weight: 400;\">Aktuell k\u00f6nnen Bugs in unserem Supportformular und \u00fcber <\/span><a href=\"mailto:info@stevescastle.com\"><span style=\"font-weight: 400;\">info@stevescastle.com<\/span><\/a><span style=\"font-weight: 400;\"> reportet werden. Vielen Dank f\u00fcr deine Mithilfe. <\/span><\/p>\n\n\t\t<\/div>\n\t<\/div>\n\t<\/div>\n<\/div><\/div><\/div><div class=\"edgtf-tab-container\" id=\"tab-english-en-364\"><div class=\"edgtf-accordion-holder edgtf-ac-default  edgtf-accordion edgtf-ac-boxed  clearfix\">\n\t<p class=\"edgtf-accordion-title\">\n\t<span class=\"edgtf-tab-title\">What is Steves Castle?<\/span>\n    <span class=\"edgtf-accordion-mark\">\n\t\t<span class=\"edgtf_icon_plus icon_plus\"><\/span>\n\t<\/span>\n<\/p>\n<div class=\"edgtf-accordion-content\">\n\t<div class=\"edgtf-accordion-content-inner\">\n\t\t\n\t<div class=\"wpb_text_column wpb_content_element\" >\n\t\t<div class=\"wpb_wrapper\">\n\t\t\t<p>Steves Castle is about the brave knight Steve and and the fortress he swore to protect. After receiving threats from monsters to his castle, the king called Steve to save the kingdom and fight for peace and ultimate victory.<br \/>\nYou can control his outcome by making wise decisions about fighting and hiring the right troops as your support. Good luck. <\/p>\n\n\t\t<\/div>\n\t<\/div>\n\t<\/div>\n<\/div><p class=\"edgtf-accordion-title\">\n\t<span class=\"edgtf-tab-title\">How do the controls work?<\/span>\n    <span class=\"edgtf-accordion-mark\">\n\t\t<span class=\"edgtf_icon_plus icon_plus\"><\/span>\n\t<\/span>\n<\/p>\n<div class=\"edgtf-accordion-content\">\n\t<div class=\"edgtf-accordion-content-inner\">\n\t\t\n\t<div class=\"wpb_text_column wpb_content_element\" >\n\t\t<div class=\"wpb_wrapper\">\n\t\t\t<p>To move Steve over the map, just hit the screen on either side to his left or right. To attack, all you have to do is approach an opponent, who will then be automatically attacked. If the enemy is further away, Steve shoots with his crossbow, but if you get very close to your enemy, Steve grabs his mighty sword and attacks the enemy with that. You can also perform special attacks using your &#8220;skills&#8221; in the upper right corner.<\/p>\n\n\t\t<\/div>\n\t<\/div>\n\t<\/div>\n<\/div><p class=\"edgtf-accordion-title\">\n\t<span class=\"edgtf-tab-title\">How many worlds and levels are there?<\/span>\n    <span class=\"edgtf-accordion-mark\">\n\t\t<span class=\"edgtf_icon_plus icon_plus\"><\/span>\n\t<\/span>\n<\/p>\n<div class=\"edgtf-accordion-content\">\n\t<div class=\"edgtf-accordion-content-inner\">\n\t\t\n\t<div class=\"wpb_text_column wpb_content_element\" >\n\t\t<div class=\"wpb_wrapper\">\n\t\t\t<p><span style=\"font-weight: 400;\">The game offers you a total of 8 worlds, each with 10 levels. The first 3 worlds you can play completely free. To unlock the other 5 worlds you can either quite simply look at an ad before each level and continue playing free or buy the full version for a single low price, with which you unlock all levels, remove ads and get additional bonuses.<\/span><\/p>\n\n\t\t<\/div>\n\t<\/div>\n\t<\/div>\n<\/div><p class=\"edgtf-accordion-title\">\n\t<span class=\"edgtf-tab-title\">How much does Steves Castle cost?<\/span>\n    <span class=\"edgtf-accordion-mark\">\n\t\t<span class=\"edgtf_icon_plus icon_plus\"><\/span>\n\t<\/span>\n<\/p>\n<div class=\"edgtf-accordion-content\">\n\t<div class=\"edgtf-accordion-content-inner\">\n\t\t\n\t<div class=\"wpb_text_column wpb_content_element\" >\n\t\t<div class=\"wpb_wrapper\">\n\t\t\t<p>The app is free and financed through advertising. If like it and wish to play without advertising there is a full version in the shop to buy. The current price depends on country and is displayed in the App \/ Play Store. Your purchase supports the development of the app.<\/p>\n\n\t\t<\/div>\n\t<\/div>\n\t<\/div>\n<\/div><p class=\"edgtf-accordion-title\">\n\t<span class=\"edgtf-tab-title\">What are boosters?<\/span>\n    <span class=\"edgtf-accordion-mark\">\n\t\t<span class=\"edgtf_icon_plus icon_plus\"><\/span>\n\t<\/span>\n<\/p>\n<div class=\"edgtf-accordion-content\">\n\t<div class=\"edgtf-accordion-content-inner\">\n\t\t\n\t<div class=\"wpb_text_column wpb_content_element\" >\n\t\t<div class=\"wpb_wrapper\">\n\t\t\t<p><span style=\"font-weight: 400;\">Before starting a level, you can decide to use a booster for the following round. This will get you a random improvement like 2x diamonds, higher gold production or higher damage.<\/span><\/p>\n<p><span style=\"font-weight: 400;\">In general, the boosters will help you out if you get stuck at one level. Boosters can\u2019t be stacked. However, if you are not satisfied with your current booster and still have some left over you can try to spin again to get a better one.<\/span><\/p>\n\n\t\t<\/div>\n\t<\/div>\n\t<\/div>\n<\/div><p class=\"edgtf-accordion-title\">\n\t<span class=\"edgtf-tab-title\">What is the best strategy? <\/span>\n    <span class=\"edgtf-accordion-mark\">\n\t\t<span class=\"edgtf_icon_plus icon_plus\"><\/span>\n\t<\/span>\n<\/p>\n<div class=\"edgtf-accordion-content\">\n\t<div class=\"edgtf-accordion-content-inner\">\n\t\t\n\t<div class=\"wpb_text_column wpb_content_element\" >\n\t\t<div class=\"wpb_wrapper\">\n\t\t\t<p><span style=\"font-weight: 400;\">There are many different ways to master a wave. If you get stuck in one level, try a different combination of units that you take into the fight. Buying upgrades with the collected diamonds will help you to make Steve and your units stronger. If necessary, re-play a level already created to increase your diamonds further.<\/span><\/p>\n\n\t\t<\/div>\n\t<\/div>\n\t<\/div>\n<\/div><p class=\"edgtf-accordion-title\">\n\t<span class=\"edgtf-tab-title\">What are endless levels?<\/span>\n    <span class=\"edgtf-accordion-mark\">\n\t\t<span class=\"edgtf_icon_plus icon_plus\"><\/span>\n\t<\/span>\n<\/p>\n<div class=\"edgtf-accordion-content\">\n\t<div class=\"edgtf-accordion-content-inner\">\n\t\t\n\t<div class=\"wpb_text_column wpb_content_element\" >\n\t\t<div class=\"wpb_wrapper\">\n\t\t\t<p><span style=\"font-weight: 400;\">Endless is an additional game mode where you fight \u2018endless\u2019 waves of enemies, trying to survive as long as possible, collecting lots of diamonds in the process and setting high scores. Each world has its own endless level with its characteristic enemies. These levels will only be unlocked after completing each world. Can you get the highest score?<\/span><\/p>\n\n\t\t<\/div>\n\t<\/div>\n\t<\/div>\n<\/div><p class=\"edgtf-accordion-title\">\n\t<span class=\"edgtf-tab-title\">Can you reset the app and start from scratch?<\/span>\n    <span class=\"edgtf-accordion-mark\">\n\t\t<span class=\"edgtf_icon_plus icon_plus\"><\/span>\n\t<\/span>\n<\/p>\n<div class=\"edgtf-accordion-content\">\n\t<div class=\"edgtf-accordion-content-inner\">\n\t\t\n\t<div class=\"wpb_text_column wpb_content_element\" >\n\t\t<div class=\"wpb_wrapper\">\n\t\t\t<p><span style=\"font-weight: 400;\">Yes, to reset your game and start over, there is a reset button in the settings. Starting from scratch again with a blank slate you can try again to defend the king&#8217;s castle and build a new army. Are you going to pursue a new strategy this time and use your diamonds differently? We wish you much success! If you want to restore your full version, simply click on the restore button on iOS or restart the app on Android. A new purchase is not required.<\/span><\/p>\n\n\t\t<\/div>\n\t<\/div>\n\t<\/div>\n<\/div><p class=\"edgtf-accordion-title\">\n\t<span class=\"edgtf-tab-title\">Are Let&#039;s Plays allowed and is there additional support for creators? <\/span>\n    <span class=\"edgtf-accordion-mark\">\n\t\t<span class=\"edgtf_icon_plus icon_plus\"><\/span>\n\t<\/span>\n<\/p>\n<div class=\"edgtf-accordion-content\">\n\t<div class=\"edgtf-accordion-content-inner\">\n\t\t\n\t<div class=\"wpb_text_column wpb_content_element\" >\n\t\t<div class=\"wpb_wrapper\">\n\t\t\t<p><span style=\"font-weight: 400;\">Yes, we are happy about every Lets Play. Bugusing or hacking videos, on the other hand, are not allowed and are striked if they are made public.<\/span><\/p>\n<p><span style=\"font-weight: 400;\">Additionally if you have a channel where you plan to upload game scenes we can make certain graphics e.g. for thumbnails available. For large channels, we also provide access to a web version that makes recording easier. Just contact us via email at info@stevescastle.com or send us a message on Facebook or Insta.<\/span><\/p>\n\n\t\t<\/div>\n\t<\/div>\n\t<\/div>\n<\/div><p class=\"edgtf-accordion-title\">\n\t<span class=\"edgtf-tab-title\">Is there a multiplayer?<\/span>\n    <span class=\"edgtf-accordion-mark\">\n\t\t<span class=\"edgtf_icon_plus icon_plus\"><\/span>\n\t<\/span>\n<\/p>\n<div class=\"edgtf-accordion-content\">\n\t<div class=\"edgtf-accordion-content-inner\">\n\t\t\n\t<div class=\"wpb_text_column wpb_content_element\" >\n\t\t<div class=\"wpb_wrapper\">\n\t\t\t<p><span style=\"font-weight: 400;\">Not yet. If the community shows interest, we will develop a multiplayer after completion of the developments on the single player.<\/span><\/p>\n\n\t\t<\/div>\n\t<\/div>\n\t<\/div>\n<\/div><p class=\"edgtf-accordion-title\">\n\t<span class=\"edgtf-tab-title\">How to report bugs or give suggestions? <\/span>\n    <span class=\"edgtf-accordion-mark\">\n\t\t<span class=\"edgtf_icon_plus icon_plus\"><\/span>\n\t<\/span>\n<\/p>\n<div class=\"edgtf-accordion-content\">\n\t<div class=\"edgtf-accordion-content-inner\">\n\t\t\n\t<div class=\"wpb_text_column wpb_content_element\" >\n\t\t<div class=\"wpb_wrapper\">\n\t\t\t<p><span style=\"font-weight: 400;\">Currently bugs can be reported in our support form and via email on info@stevescastle.com. Thanks for your help.<\/span><\/p>\n\n\t\t<\/div>\n\t<\/div>\n\t<\/div>\n<\/div><\/div>\n\t<div class=\"wpb_text_column wpb_content_element\" >\n\t\t<div class=\"wpb_wrapper\">\n\t\t\t<p>Steves Castle is a mobile game where you control the hero Steve and have to defend against waves of enemies in 8 worlds and over 75 levels. There are regular levels, challenge levels and boss levels.<\/p>\n\n\t\t<\/div>\n\t<\/div>\n<\/div><\/div><\/div><\/div><\/div><\/div><\/div><\/div>","protected":false},"excerpt":{"rendered":"German (DE) English (EN) Worum geht es im Spiel? Steves Castle handelt vom tapferen Ritter \"Steve\" und der Festung, welche er zu sch\u00fctzen geschworen hat. Nach ersten Angriffen aus den W\u00e4ldern durch Untote und andere Monster auf die Burg, rief der K\u00f6nig des Landes nach Steve. Dieser soll nun die k\u00f6niglichen Armeen befehligen [...]","protected":false},"author":1,"featured_media":0,"parent":0,"menu_order":0,"comment_status":"closed","ping_status":"closed","template":"full-width.php","meta":[],"_links":{"self":[{"href":"https:\/\/stevescastle.com\/de\/wp-json\/wp\/v2\/pages\/1310"}],"collection":[{"href":"https:\/\/stevescastle.com\/de\/wp-json\/wp\/v2\/pages"}],"about":[{"href":"https:\/\/stevescastle.com\/de\/wp-json\/wp\/v2\/types\/page"}],"author":[{"embeddable":true,"href":"https:\/\/stevescastle.com\/de\/wp-json\/wp\/v2\/users\/1"}],"replies":[{"embeddable":true,"href":"https:\/\/stevescastle.com\/de\/wp-json\/wp\/v2\/comments?post=1310"}],"version-history":[{"count":14,"href":"https:\/\/stevescastle.com\/de\/wp-json\/wp\/v2\/pages\/1310\/revisions"}],"predecessor-version":[{"id":3602,"href":"https:\/\/stevescastle.com\/de\/wp-json\/wp\/v2\/pages\/1310\/revisions\/3602"}],"wp:attachment":[{"href":"https:\/\/stevescastle.com\/de\/wp-json\/wp\/v2\/media?parent=1310"}],"curies":[{"name":"wp","href":"https:\/\/api.w.org\/{rel}","templated":true}]}}